{"id":4467,"date":"2021-12-17T01:10:51","date_gmt":"2021-12-17T00:10:51","guid":{"rendered":"https:\/\/svenskiptv.me\/?page_id=4467"},"modified":"2022-11-13T17:27:19","modified_gmt":"2022-11-13T16:27:19","slug":"search","status":"publish","type":"page","link":"https:\/\/svenskiptv.me\/sv\/search\/","title":{"rendered":"Search"},"content":{"rendered":"<div data-elementor-type=\"wp-page\" data-elementor-id=\"4467\" class=\"elementor elementor-4467\" data-elementor-post-type=\"page\">\n\t\t\t\t\t\t<section class=\"elementor-section elementor-top-section elementor-element elementor-element-f942fff elementor-section-boxed elementor-section-height-default elementor-section-height-default\" data-id=\"f942fff\" data-element_type=\"section\" data-e-type=\"section\">\n\t\t\t\t\t\t<div class=\"elementor-container elementor-column-gap-default\">\n\t\t\t\t\t<div class=\"elementor-column elementor-col-100 elementor-top-column elementor-element elementor-element-1e1bce0\" data-id=\"1e1bce0\" data-element_type=\"column\" data-e-type=\"column\">\n\t\t\t<div class=\"elementor-widget-wrap\">\n\t\t\t\t\t\t\t<\/div>\n\t\t<\/div>\n\t\t\t\t\t<\/div>\n\t\t<\/section>\n\t\t\t\t<section class=\"elementor-section elementor-top-section elementor-element elementor-element-551fefc elementor-section-boxed elementor-section-height-default elementor-section-height-default\" data-id=\"551fefc\" data-element_type=\"section\" data-e-type=\"section\">\n\t\t\t\t\t\t<div class=\"elementor-container elementor-column-gap-default\">\n\t\t\t\t\t<div class=\"elementor-column elementor-col-100 elementor-top-column elementor-element elementor-element-be350c6\" data-id=\"be350c6\" data-element_type=\"column\" data-e-type=\"column\">\n\t\t\t<div class=\"elementor-widget-wrap elementor-element-populated\">\n\t\t\t\t\t\t<div data-dce-title-color=\"#303030\" class=\"elementor-element elementor-element-e59bfd2 elementor-widget elementor-widget-heading\" data-id=\"e59bfd2\" data-element_type=\"widget\" data-e-type=\"widget\" data-widget_type=\"heading.default\">\n\t\t\t\t<div class=\"elementor-widget-container\">\n\t\t\t\t\t<h2 class=\"elementor-heading-title elementor-size-default\">S\u00f6k efter kanaler, serier eller filmer<\/h2>\t\t\t\t<\/div>\n\t\t\t\t<\/div>\n\t\t\t\t<div class=\"elementor-element elementor-element-e06d315 elementor-widget elementor-widget-text-editor\" data-id=\"e06d315\" data-element_type=\"widget\" data-e-type=\"widget\" data-widget_type=\"text-editor.default\">\n\t\t\t\t<div class=\"elementor-widget-container\">\n\t\t\t\t\t\t\t\t\t<center>\n<h6>Vill du se v\u00e5r fullst\u00e4ndiga lista \u00f6ver kanaler? <a href=\"https:\/\/svenskiptv.me\/sv\/channels\/\">Klicka h\u00e4r<\/a><\/h6>\n<\/center>\t\t\t\t\t\t\t\t<\/div>\n\t\t\t\t<\/div>\n\t\t\t\t\t<\/div>\n\t\t<\/div>\n\t\t\t\t\t<\/div>\n\t\t<\/section>\n\t\t\t\t<section class=\"elementor-section elementor-top-section elementor-element elementor-element-384de27 elementor-section-boxed elementor-section-height-default elementor-section-height-default\" data-id=\"384de27\" data-element_type=\"section\" data-e-type=\"section\">\n\t\t\t\t\t\t<div class=\"elementor-container elementor-column-gap-default\">\n\t\t\t\t\t<div class=\"elementor-column elementor-col-100 elementor-top-column elementor-element elementor-element-dde87c2\" data-id=\"dde87c2\" data-element_type=\"column\" data-e-type=\"column\">\n\t\t\t<div class=\"elementor-widget-wrap elementor-element-populated\">\n\t\t\t\t\t\t<div data-dce-text-color=\"#707070\" class=\"elementor-element elementor-element-f0ed9b9 elementor-widget elementor-widget-text-editor\" data-id=\"f0ed9b9\" data-element_type=\"widget\" data-e-type=\"widget\" data-widget_type=\"text-editor.default\">\n\t\t\t\t<div class=\"elementor-widget-container\">\n\t\t\t\t\t\t\t\t\t<iframe src=\"\/m3u\/search.html\" width=\"100%\" height=\"300\" frameborder=\"0\">\n<\/iframe>\t\t\t\t\t\t\t\t<\/div>\n\t\t\t\t<\/div>\n\t\t\t\t\t<\/div>\n\t\t<\/div>\n\t\t\t\t\t<\/div>\n\t\t<\/section>\n\t\t\t\t<section class=\"elementor-section elementor-top-section elementor-element elementor-element-4e78a37 elementor-section-boxed elementor-section-height-default elementor-section-height-default\" data-id=\"4e78a37\" data-element_type=\"section\" data-e-type=\"section\">\n\t\t\t\t\t\t<div class=\"elementor-container elementor-column-gap-default\">\n\t\t\t\t\t<div class=\"elementor-column elementor-col-100 elementor-top-column elementor-element elementor-element-f3a2e63\" data-id=\"f3a2e63\" data-element_type=\"column\" data-e-type=\"column\">\n\t\t\t<div class=\"elementor-widget-wrap elementor-element-populated\">\n\t\t\t\t\t\t<div data-dce-title-color=\"#303030\" class=\"elementor-element elementor-element-77eda7a elementor-widget elementor-widget-heading\" data-id=\"77eda7a\" data-element_type=\"widget\" data-e-type=\"widget\" data-widget_type=\"heading.default\">\n\t\t\t\t<div class=\"elementor-widget-container\">\n\t\t\t\t\t<h2 class=\"elementor-heading-title elementor-size-default\"><br>Vill du prova v\u00e5r tj\u00e4nst gratis? <br>\n\nKontakta oss via chatten s\u00e5 ger vi dig en gratis provperiod p\u00e5 en timme.<\/h2>\t\t\t\t<\/div>\n\t\t\t\t<\/div>\n\t\t\t\t<div class=\"elementor-element elementor-element-1f553a8 elementor-widget elementor-widget-spacer\" data-id=\"1f553a8\" data-element_type=\"widget\" data-e-type=\"widget\" data-widget_type=\"spacer.default\">\n\t\t\t\t<div class=\"elementor-widget-container\">\n\t\t\t\t\t\t\t<div class=\"elementor-spacer\">\n\t\t\t<div class=\"elementor-spacer-inner\"><\/div>\n\t\t<\/div>\n\t\t\t\t\t\t<\/div>\n\t\t\t\t<\/div>\n\t\t\t\t\t<\/div>\n\t\t<\/div>\n\t\t\t\t\t<\/div>\n\t\t<\/section>\n\t\t\t\t<\/div>","protected":false},"excerpt":{"rendered":"<p>Search for channels, series or films Would you like to see our complete channel list? Click here Would you like to try our service for free? Contact us on the chat and we&#8217;ll give you a 1-hour free trial.<\/p>","protected":false},"author":2,"featured_media":0,"parent":0,"menu_order":0,"comment_status":"closed","ping_status":"closed","template":"elementor_header_footer","meta":{"site-sidebar-layout":"no-sidebar","site-content-layout":"page-builder","ast-site-content-layout":"default","site-content-style":"default","site-sidebar-style":"default","ast-global-header-display":"","ast-banner-title-visibility":"","ast-main-header-display":"","ast-hfb-above-header-display":"","ast-hfb-below-header-display":"","ast-hfb-mobile-header-display":"","site-post-title":"disabled","ast-breadcrumbs-content":"","ast-featured-img":"disabled","footer-sml-layout":"","ast-disable-related-posts":"","theme-transparent-header-meta":"default","adv-header-id-meta":"","stick-header-meta":"","header-above-stick-meta":"","header-main-stick-meta":"","header-below-stick-meta":"","astra-migrate-meta-layouts":"default","ast-page-background-enabled":"default","ast-page-background-meta":{"desktop":{"background-color":"var(--ast-global-color-4)","background-image":"","background-repeat":"repeat","background-position":"center center","background-size":"auto","background-attachment":"scroll","background-type":"","background-media":"","overlay-type":"","overlay-color":"","overlay-opacity":"","overlay-gradient":""},"tablet":{"background-color":"","background-image":"","background-repeat":"repeat","background-position":"center center","background-size":"auto","background-attachment":"scroll","background-type":"","background-media":"","overlay-type":"","overlay-color":"","overlay-opacity":"","overlay-gradient":""},"mobile":{"background-color":"","background-image":"","background-repeat":"repeat","background-position":"center center","background-size":"auto","background-attachment":"scroll","background-type":"","background-media":"","overlay-type":"","overlay-color":"","overlay-opacity":"","overlay-gradient":""}},"ast-content-background-meta":{"desktop":{"background-color":"var(--ast-global-color-5)","background-image":"","background-repeat":"repeat","background-position":"center center","background-size":"auto","background-attachment":"scroll","background-type":"","background-media":"","overlay-type":"","overlay-color":"","overlay-opacity":"","overlay-gradient":""},"tablet":{"background-color":"var(--ast-global-color-5)","background-image":"","background-repeat":"repeat","background-position":"center center","background-size":"auto","background-attachment":"scroll","background-type":"","background-media":"","overlay-type":"","overlay-color":"","overlay-opacity":"","overlay-gradient":""},"mobile":{"background-color":"var(--ast-global-color-5)","background-image":"","background-repeat":"repeat","background-position":"center center","background-size":"auto","background-attachment":"scroll","background-type":"","background-media":"","overlay-type":"","overlay-color":"","overlay-opacity":"","overlay-gradient":""}},"footnotes":""},"class_list":["post-4467","page","type-page","status-publish","hentry"],"yoast_head":"<!-- This site is optimized with the Yoast SEO plugin v27.3 - https:\/\/yoast.com\/product\/yoast-seo-wordpress\/ -->\n<title>Search - SVENSK IPTV<\/title>\n<meta name=\"robots\" content=\"index, follow, max-snippet:-1, max-image-preview:large, max-video-preview:-1\" \/>\n<link rel=\"canonical\" href=\"https:\/\/svenskiptv.me\/sv\/search\/\" \/>\n<meta property=\"og:locale\" content=\"sv_SE\" \/>\n<meta property=\"og:type\" content=\"article\" \/>\n<meta property=\"og:title\" content=\"Search - SVENSK IPTV\" \/>\n<meta property=\"og:description\" content=\"Search for channels, series or films Would you like to see our complete channel list? Click here Would you like to try our service for free? Contact us on the chat and we&#8217;ll give you a 1-hour free trial.\" \/>\n<meta property=\"og:url\" content=\"https:\/\/svenskiptv.me\/sv\/search\/\" \/>\n<meta property=\"og:site_name\" content=\"SVENSK IPTV\" \/>\n<meta property=\"article:modified_time\" content=\"2022-11-13T16:27:19+00:00\" \/>\n<meta name=\"twitter:card\" content=\"summary_large_image\" \/>\n<meta name=\"twitter:label1\" content=\"Ber\u00e4knad l\u00e4stid\" \/>\n\t<meta name=\"twitter:data1\" content=\"1 minut\" \/>\n<script type=\"application\/ld+json\" class=\"yoast-schema-graph\">{\"@context\":\"https:\\\/\\\/schema.org\",\"@graph\":[{\"@type\":\"WebPage\",\"@id\":\"https:\\\/\\\/svenskiptv.me\\\/search\\\/\",\"url\":\"https:\\\/\\\/svenskiptv.me\\\/search\\\/\",\"name\":\"Search - SVENSK IPTV\",\"isPartOf\":{\"@id\":\"https:\\\/\\\/svenskiptv.me\\\/#website\"},\"datePublished\":\"2021-12-17T00:10:51+00:00\",\"dateModified\":\"2022-11-13T16:27:19+00:00\",\"breadcrumb\":{\"@id\":\"https:\\\/\\\/svenskiptv.me\\\/search\\\/#breadcrumb\"},\"inLanguage\":\"sv-SE\",\"potentialAction\":[{\"@type\":\"ReadAction\",\"target\":[\"https:\\\/\\\/svenskiptv.me\\\/search\\\/\"]}]},{\"@type\":\"BreadcrumbList\",\"@id\":\"https:\\\/\\\/svenskiptv.me\\\/search\\\/#breadcrumb\",\"itemListElement\":[{\"@type\":\"ListItem\",\"position\":1,\"name\":\"Home\",\"item\":\"https:\\\/\\\/svenskiptv.me\\\/\"},{\"@type\":\"ListItem\",\"position\":2,\"name\":\"Search\"}]},{\"@type\":\"WebSite\",\"@id\":\"https:\\\/\\\/svenskiptv.me\\\/#website\",\"url\":\"https:\\\/\\\/svenskiptv.me\\\/\",\"name\":\"SVENSK IPTV\",\"description\":\"Vi levererar Sveriges b\u00e4sta IPTV\",\"publisher\":{\"@id\":\"https:\\\/\\\/svenskiptv.me\\\/#organization\"},\"potentialAction\":[{\"@type\":\"SearchAction\",\"target\":{\"@type\":\"EntryPoint\",\"urlTemplate\":\"https:\\\/\\\/svenskiptv.me\\\/?s={search_term_string}\"},\"query-input\":{\"@type\":\"PropertyValueSpecification\",\"valueRequired\":true,\"valueName\":\"search_term_string\"}}],\"inLanguage\":\"sv-SE\"},{\"@type\":\"Organization\",\"@id\":\"https:\\\/\\\/svenskiptv.me\\\/#organization\",\"name\":\"Streamy IPTV\",\"url\":\"https:\\\/\\\/svenskiptv.me\\\/\",\"logo\":{\"@type\":\"ImageObject\",\"inLanguage\":\"sv-SE\",\"@id\":\"https:\\\/\\\/svenskiptv.me\\\/#\\\/schema\\\/logo\\\/image\\\/\",\"url\":\"https:\\\/\\\/svenskiptv.me\\\/wp-content\\\/uploads\\\/2021\\\/11\\\/logo.png\",\"contentUrl\":\"https:\\\/\\\/svenskiptv.me\\\/wp-content\\\/uploads\\\/2021\\\/11\\\/logo.png\",\"width\":236,\"height\":70,\"caption\":\"Streamy IPTV\"},\"image\":{\"@id\":\"https:\\\/\\\/svenskiptv.me\\\/#\\\/schema\\\/logo\\\/image\\\/\"}}]}<\/script>\n<!-- \/ Yoast SEO plugin. -->","yoast_head_json":{"title":"Search - SVENSK IPTV","robots":{"index":"index","follow":"follow","max-snippet":"max-snippet:-1","max-image-preview":"max-image-preview:large","max-video-preview":"max-video-preview:-1"},"canonical":"https:\/\/svenskiptv.me\/sv\/search\/","og_locale":"sv_SE","og_type":"article","og_title":"Search - SVENSK IPTV","og_description":"Search for channels, series or films Would you like to see our complete channel list? Click here Would you like to try our service for free? Contact us on the chat and we&#8217;ll give you a 1-hour free trial.","og_url":"https:\/\/svenskiptv.me\/sv\/search\/","og_site_name":"SVENSK IPTV","article_modified_time":"2022-11-13T16:27:19+00:00","twitter_card":"summary_large_image","twitter_misc":{"Ber\u00e4knad l\u00e4stid":"1 minut"},"schema":{"@context":"https:\/\/schema.org","@graph":[{"@type":"WebPage","@id":"https:\/\/svenskiptv.me\/search\/","url":"https:\/\/svenskiptv.me\/search\/","name":"Search - SVENSK IPTV","isPartOf":{"@id":"https:\/\/svenskiptv.me\/#website"},"datePublished":"2021-12-17T00:10:51+00:00","dateModified":"2022-11-13T16:27:19+00:00","breadcrumb":{"@id":"https:\/\/svenskiptv.me\/search\/#breadcrumb"},"inLanguage":"sv-SE","potentialAction":[{"@type":"ReadAction","target":["https:\/\/svenskiptv.me\/search\/"]}]},{"@type":"BreadcrumbList","@id":"https:\/\/svenskiptv.me\/search\/#breadcrumb","itemListElement":[{"@type":"ListItem","position":1,"name":"Home","item":"https:\/\/svenskiptv.me\/"},{"@type":"ListItem","position":2,"name":"Search"}]},{"@type":"WebSite","@id":"https:\/\/svenskiptv.me\/#website","url":"https:\/\/svenskiptv.me\/","name":"SVENSK IPTV","description":"Vi levererar Sveriges b\u00e4sta IPTV","publisher":{"@id":"https:\/\/svenskiptv.me\/#organization"},"potentialAction":[{"@type":"SearchAction","target":{"@type":"EntryPoint","urlTemplate":"https:\/\/svenskiptv.me\/?s={search_term_string}"},"query-input":{"@type":"PropertyValueSpecification","valueRequired":true,"valueName":"search_term_string"}}],"inLanguage":"sv-SE"},{"@type":"Organization","@id":"https:\/\/svenskiptv.me\/#organization","name":"Streamy IPTV","url":"https:\/\/svenskiptv.me\/","logo":{"@type":"ImageObject","inLanguage":"sv-SE","@id":"https:\/\/svenskiptv.me\/#\/schema\/logo\/image\/","url":"https:\/\/svenskiptv.me\/wp-content\/uploads\/2021\/11\/logo.png","contentUrl":"https:\/\/svenskiptv.me\/wp-content\/uploads\/2021\/11\/logo.png","width":236,"height":70,"caption":"Streamy IPTV"},"image":{"@id":"https:\/\/svenskiptv.me\/#\/schema\/logo\/image\/"}}]}},"_links":{"self":[{"href":"https:\/\/svenskiptv.me\/sv\/wp-json\/wp\/v2\/pages\/4467","targetHints":{"allow":["GET"]}}],"collection":[{"href":"https:\/\/svenskiptv.me\/sv\/wp-json\/wp\/v2\/pages"}],"about":[{"href":"https:\/\/svenskiptv.me\/sv\/wp-json\/wp\/v2\/types\/page"}],"author":[{"embeddable":true,"href":"https:\/\/svenskiptv.me\/sv\/wp-json\/wp\/v2\/users\/2"}],"replies":[{"embeddable":true,"href":"https:\/\/svenskiptv.me\/sv\/wp-json\/wp\/v2\/comments?post=4467"}],"version-history":[{"count":0,"href":"https:\/\/svenskiptv.me\/sv\/wp-json\/wp\/v2\/pages\/4467\/revisions"}],"wp:attachment":[{"href":"https:\/\/svenskiptv.me\/sv\/wp-json\/wp\/v2\/media?parent=4467"}],"curies":[{"name":"wp","href":"https:\/\/api.w.org\/{rel}","templated":true}]}}