{"id":4658,"date":"2022-11-13T16:17:24","date_gmt":"2022-11-13T15:17:24","guid":{"rendered":"https:\/\/svenskiptv.me\/?post_type=product&#038;p=4658"},"modified":"2022-11-14T13:11:28","modified_gmt":"2022-11-14T12:11:28","slug":"iptv-subscription-renewal","status":"publish","type":"product","link":"https:\/\/svenskiptv.me\/sv\/produkt\/iptv-subscription-renewal\/","title":{"rendered":"IPTV - F\u00f6rnyelse"},"content":{"rendered":"<p><span class=\"VIiyi\" lang=\"da\"><strong><span class=\"JLqJ4b ChMk0b\" data-language-for-alternatives=\"da\" data-language-to-translate-into=\"en\" data-phrase-index=\"0\" data-number-of-phrases=\"11\">PREMIUM IPTV-PAKET<\/span><\/strong><\/span><\/p>\n<div class=\"mb32\">\n<p>Prova v\u00e5ra tj\u00e4nster GRATIS innan du k\u00f6per! Vi vill f\u00f6rs\u00e4kra oss om att du har en modern streamningsapparat och uppfyller internetkraven, f\u00f6r att se till att du \u00e4r n\u00f6jd och glad med v\u00e5ra premiumtj\u00e4nster.<\/p>\n<p>Inte bara 10 000+ Premium-kanaler, PPV och ALL sport, utan \u00e4ven tillg\u00e5ng till v\u00e5rt enorma utbud av filmer och tv-serier p\u00e5 best\u00e4llning.<\/p>\n<\/div>","protected":false},"excerpt":{"rendered":"<p>Njut av inneh\u00e5ll fr\u00e5n hela v\u00e4rlden. Med tillg\u00e5ng till kanaler fr\u00e5n 60 l\u00e4nder och ca 10 000 kanaler hittar du alltid n\u00e5got att titta p\u00e5.<\/p>\n<p>Filmer, serier, dokument\u00e4rer eller sport. Allt \u00e4r l\u00e4tt tillg\u00e4ngligt p\u00e5 din tv, surfplatta, dator eller mobil.<\/p>\n<p>Titta p\u00e5 Premier League, NHL, Bundesliga, Serie A, La Liga och m\u00e5nga, m\u00e5nga fler ligor.<\/p>\n<p>V\u00e5r tj\u00e4nst ers\u00e4tter popul\u00e4ra streamingtj\u00e4nster som Netflix, HBO, Disney+ och m\u00e5nga fler.<br \/>\nNya filmer och serier l\u00e4ggs till varje vecka.<\/p>","protected":false},"featured_media":4653,"template":"","meta":{"site-sidebar-layout":"default","site-content-layout":"default","ast-site-content-layout":"default","site-content-style":"default","site-sidebar-style":"default","ast-global-header-display":"","ast-banner-title-visibility":"","ast-main-header-display":"","ast-hfb-above-header-display":"","ast-hfb-below-header-display":"","ast-hfb-mobile-header-display":"","site-post-title":"","ast-breadcrumbs-content":"","ast-featured-img":"","footer-sml-layout":"","ast-disable-related-posts":"","theme-transparent-header-meta":"default","adv-header-id-meta":"","stick-header-meta":"","header-above-stick-meta":"","header-main-stick-meta":"","header-below-stick-meta":"","astra-migrate-meta-layouts":"default","ast-page-background-enabled":"default","ast-page-background-meta":{"desktop":{"background-color":"var(--ast-global-color-4)","background-image":"","background-repeat":"repeat","background-position":"center center","background-size":"auto","background-attachment":"scroll","background-type":"","background-media":"","overlay-type":"","overlay-color":"","overlay-opacity":"","overlay-gradient":""},"tablet":{"background-color":"","background-image":"","background-repeat":"repeat","background-position":"center center","background-size":"auto","background-attachment":"scroll","background-type":"","background-media":"","overlay-type":"","overlay-color":"","overlay-opacity":"","overlay-gradient":""},"mobile":{"background-color":"","background-image":"","background-repeat":"repeat","background-position":"center center","background-size":"auto","background-attachment":"scroll","background-type":"","background-media":"","overlay-type":"","overlay-color":"","overlay-opacity":"","overlay-gradient":""}},"ast-content-background-meta":{"desktop":{"background-color":"var(--ast-global-color-5)","background-image":"","background-repeat":"repeat","background-position":"center center","background-size":"auto","background-attachment":"scroll","background-type":"","background-media":"","overlay-type":"","overlay-color":"","overlay-opacity":"","overlay-gradient":""},"tablet":{"background-color":"var(--ast-global-color-5)","background-image":"","background-repeat":"repeat","background-position":"center center","background-size":"auto","background-attachment":"scroll","background-type":"","background-media":"","overlay-type":"","overlay-color":"","overlay-opacity":"","overlay-gradient":""},"mobile":{"background-color":"var(--ast-global-color-5)","background-image":"","background-repeat":"repeat","background-position":"center center","background-size":"auto","background-attachment":"scroll","background-type":"","background-media":"","overlay-type":"","overlay-color":"","overlay-opacity":"","overlay-gradient":""}}},"product_brand":[],"product_cat":[33],"product_tag":[26],"class_list":{"0":"post-4658","1":"product","2":"type-product","3":"status-publish","4":"has-post-thumbnail","6":"product_cat-iptv","7":"product_tag-iptv","8":"desktop-align-left","9":"tablet-align-left","10":"mobile-align-left","12":"first","13":"instock","14":"shipping-taxable","15":"purchasable","16":"product-type-variable"},"yoast_head":"<!-- This site is optimized with the Yoast SEO plugin v27.3 - https:\/\/yoast.com\/product\/yoast-seo-wordpress\/ -->\n<title>IPTV \u2013 Renewal - SVENSK IPTV<\/title>\n<meta name=\"robots\" content=\"index, follow, max-snippet:-1, max-image-preview:large, max-video-preview:-1\" \/>\n<link rel=\"canonical\" href=\"https:\/\/svenskiptv.me\/sv\/produkt\/iptv-subscription-renewal\/\" \/>\n<meta property=\"og:locale\" content=\"sv_SE\" \/>\n<meta property=\"og:type\" content=\"article\" \/>\n<meta property=\"og:title\" content=\"IPTV \u2013 Renewal - SVENSK IPTV\" \/>\n<meta property=\"og:description\" content=\"Enjoy content from around the world. With access to channels from 60 countries and approx. 10,000 channels, so you&#039;ll always find something to watch.  Movies, series, documentaries, or sports. Everything is available easily on your TV, tablet, PC, or mobile.  Watch the Premier League, NHL, Bundesliga, Serie A, La Liga, and many, many more leagues.  Our service replaces popular streaming services such as Netflix, HBO, Disney+, and many more. New films and series are added weekly.\" \/>\n<meta property=\"og:url\" content=\"https:\/\/svenskiptv.me\/sv\/produkt\/iptv-subscription-renewal\/\" \/>\n<meta property=\"og:site_name\" content=\"SVENSK IPTV\" \/>\n<meta property=\"article:modified_time\" content=\"2022-11-14T12:11:28+00:00\" \/>\n<meta property=\"og:image\" content=\"https:\/\/svenskiptv.me\/wp-content\/uploads\/2021\/12\/product.jpg\" \/>\n\t<meta property=\"og:image:width\" content=\"944\" \/>\n\t<meta property=\"og:image:height\" content=\"630\" \/>\n\t<meta property=\"og:image:type\" content=\"image\/jpeg\" \/>\n<meta name=\"twitter:card\" content=\"summary_large_image\" \/>\n<meta name=\"twitter:label1\" content=\"Ber\u00e4knad l\u00e4stid\" \/>\n\t<meta name=\"twitter:data1\" content=\"1 minut\" \/>\n<script type=\"application\/ld+json\" class=\"yoast-schema-graph\">{\"@context\":\"https:\\\/\\\/schema.org\",\"@graph\":[{\"@type\":\"WebPage\",\"@id\":\"https:\\\/\\\/svenskiptv.me\\\/product\\\/iptv-subscription-renewal\\\/\",\"url\":\"https:\\\/\\\/svenskiptv.me\\\/product\\\/iptv-subscription-renewal\\\/\",\"name\":\"IPTV \u2013 Renewal - SVENSK IPTV\",\"isPartOf\":{\"@id\":\"https:\\\/\\\/svenskiptv.me\\\/#website\"},\"primaryImageOfPage\":{\"@id\":\"https:\\\/\\\/svenskiptv.me\\\/product\\\/iptv-subscription-renewal\\\/#primaryimage\"},\"image\":{\"@id\":\"https:\\\/\\\/svenskiptv.me\\\/product\\\/iptv-subscription-renewal\\\/#primaryimage\"},\"thumbnailUrl\":\"https:\\\/\\\/svenskiptv.me\\\/wp-content\\\/uploads\\\/2021\\\/12\\\/product.jpg\",\"datePublished\":\"2022-11-13T15:17:24+00:00\",\"dateModified\":\"2022-11-14T12:11:28+00:00\",\"breadcrumb\":{\"@id\":\"https:\\\/\\\/svenskiptv.me\\\/product\\\/iptv-subscription-renewal\\\/#breadcrumb\"},\"inLanguage\":\"sv-SE\",\"potentialAction\":[{\"@type\":\"ReadAction\",\"target\":[\"https:\\\/\\\/svenskiptv.me\\\/product\\\/iptv-subscription-renewal\\\/\"]}]},{\"@type\":\"ImageObject\",\"inLanguage\":\"sv-SE\",\"@id\":\"https:\\\/\\\/svenskiptv.me\\\/product\\\/iptv-subscription-renewal\\\/#primaryimage\",\"url\":\"https:\\\/\\\/svenskiptv.me\\\/wp-content\\\/uploads\\\/2021\\\/12\\\/product.jpg\",\"contentUrl\":\"https:\\\/\\\/svenskiptv.me\\\/wp-content\\\/uploads\\\/2021\\\/12\\\/product.jpg\",\"width\":944,\"height\":630},{\"@type\":\"BreadcrumbList\",\"@id\":\"https:\\\/\\\/svenskiptv.me\\\/product\\\/iptv-subscription-renewal\\\/#breadcrumb\",\"itemListElement\":[{\"@type\":\"ListItem\",\"position\":1,\"name\":\"Home\",\"item\":\"https:\\\/\\\/svenskiptv.me\\\/\"},{\"@type\":\"ListItem\",\"position\":2,\"name\":\"Shop\",\"item\":\"https:\\\/\\\/svenskiptv.me\\\/shop\\\/\"},{\"@type\":\"ListItem\",\"position\":3,\"name\":\"IPTV \u2013 Renewal\"}]},{\"@type\":\"WebSite\",\"@id\":\"https:\\\/\\\/svenskiptv.me\\\/#website\",\"url\":\"https:\\\/\\\/svenskiptv.me\\\/\",\"name\":\"SVENSK IPTV\",\"description\":\"Vi levererar Sveriges b\u00e4sta IPTV\",\"publisher\":{\"@id\":\"https:\\\/\\\/svenskiptv.me\\\/#organization\"},\"potentialAction\":[{\"@type\":\"SearchAction\",\"target\":{\"@type\":\"EntryPoint\",\"urlTemplate\":\"https:\\\/\\\/svenskiptv.me\\\/?s={search_term_string}\"},\"query-input\":{\"@type\":\"PropertyValueSpecification\",\"valueRequired\":true,\"valueName\":\"search_term_string\"}}],\"inLanguage\":\"sv-SE\"},{\"@type\":\"Organization\",\"@id\":\"https:\\\/\\\/svenskiptv.me\\\/#organization\",\"name\":\"Streamy IPTV\",\"url\":\"https:\\\/\\\/svenskiptv.me\\\/\",\"logo\":{\"@type\":\"ImageObject\",\"inLanguage\":\"sv-SE\",\"@id\":\"https:\\\/\\\/svenskiptv.me\\\/#\\\/schema\\\/logo\\\/image\\\/\",\"url\":\"https:\\\/\\\/svenskiptv.me\\\/wp-content\\\/uploads\\\/2021\\\/11\\\/logo.png\",\"contentUrl\":\"https:\\\/\\\/svenskiptv.me\\\/wp-content\\\/uploads\\\/2021\\\/11\\\/logo.png\",\"width\":236,\"height\":70,\"caption\":\"Streamy IPTV\"},\"image\":{\"@id\":\"https:\\\/\\\/svenskiptv.me\\\/#\\\/schema\\\/logo\\\/image\\\/\"}}]}<\/script>\n<!-- \/ Yoast SEO plugin. -->","yoast_head_json":{"title":"IPTV \u2013 Renewal - SVENSK IPTV","robots":{"index":"index","follow":"follow","max-snippet":"max-snippet:-1","max-image-preview":"max-image-preview:large","max-video-preview":"max-video-preview:-1"},"canonical":"https:\/\/svenskiptv.me\/sv\/produkt\/iptv-subscription-renewal\/","og_locale":"sv_SE","og_type":"article","og_title":"IPTV \u2013 Renewal - SVENSK IPTV","og_description":"Enjoy content from around the world. With access to channels from 60 countries and approx. 10,000 channels, so you'll always find something to watch.  Movies, series, documentaries, or sports. Everything is available easily on your TV, tablet, PC, or mobile.  Watch the Premier League, NHL, Bundesliga, Serie A, La Liga, and many, many more leagues.  Our service replaces popular streaming services such as Netflix, HBO, Disney+, and many more. New films and series are added weekly.","og_url":"https:\/\/svenskiptv.me\/sv\/produkt\/iptv-subscription-renewal\/","og_site_name":"SVENSK IPTV","article_modified_time":"2022-11-14T12:11:28+00:00","og_image":[{"width":944,"height":630,"url":"https:\/\/svenskiptv.me\/wp-content\/uploads\/2021\/12\/product.jpg","type":"image\/jpeg"}],"twitter_card":"summary_large_image","twitter_misc":{"Ber\u00e4knad l\u00e4stid":"1 minut"},"schema":{"@context":"https:\/\/schema.org","@graph":[{"@type":"WebPage","@id":"https:\/\/svenskiptv.me\/product\/iptv-subscription-renewal\/","url":"https:\/\/svenskiptv.me\/product\/iptv-subscription-renewal\/","name":"IPTV \u2013 Renewal - SVENSK IPTV","isPartOf":{"@id":"https:\/\/svenskiptv.me\/#website"},"primaryImageOfPage":{"@id":"https:\/\/svenskiptv.me\/product\/iptv-subscription-renewal\/#primaryimage"},"image":{"@id":"https:\/\/svenskiptv.me\/product\/iptv-subscription-renewal\/#primaryimage"},"thumbnailUrl":"https:\/\/svenskiptv.me\/wp-content\/uploads\/2021\/12\/product.jpg","datePublished":"2022-11-13T15:17:24+00:00","dateModified":"2022-11-14T12:11:28+00:00","breadcrumb":{"@id":"https:\/\/svenskiptv.me\/product\/iptv-subscription-renewal\/#breadcrumb"},"inLanguage":"sv-SE","potentialAction":[{"@type":"ReadAction","target":["https:\/\/svenskiptv.me\/product\/iptv-subscription-renewal\/"]}]},{"@type":"ImageObject","inLanguage":"sv-SE","@id":"https:\/\/svenskiptv.me\/product\/iptv-subscription-renewal\/#primaryimage","url":"https:\/\/svenskiptv.me\/wp-content\/uploads\/2021\/12\/product.jpg","contentUrl":"https:\/\/svenskiptv.me\/wp-content\/uploads\/2021\/12\/product.jpg","width":944,"height":630},{"@type":"BreadcrumbList","@id":"https:\/\/svenskiptv.me\/product\/iptv-subscription-renewal\/#breadcrumb","itemListElement":[{"@type":"ListItem","position":1,"name":"Home","item":"https:\/\/svenskiptv.me\/"},{"@type":"ListItem","position":2,"name":"Shop","item":"https:\/\/svenskiptv.me\/shop\/"},{"@type":"ListItem","position":3,"name":"IPTV \u2013 Renewal"}]},{"@type":"WebSite","@id":"https:\/\/svenskiptv.me\/#website","url":"https:\/\/svenskiptv.me\/","name":"SVENSK IPTV","description":"Vi levererar Sveriges b\u00e4sta IPTV","publisher":{"@id":"https:\/\/svenskiptv.me\/#organization"},"potentialAction":[{"@type":"SearchAction","target":{"@type":"EntryPoint","urlTemplate":"https:\/\/svenskiptv.me\/?s={search_term_string}"},"query-input":{"@type":"PropertyValueSpecification","valueRequired":true,"valueName":"search_term_string"}}],"inLanguage":"sv-SE"},{"@type":"Organization","@id":"https:\/\/svenskiptv.me\/#organization","name":"Streamy IPTV","url":"https:\/\/svenskiptv.me\/","logo":{"@type":"ImageObject","inLanguage":"sv-SE","@id":"https:\/\/svenskiptv.me\/#\/schema\/logo\/image\/","url":"https:\/\/svenskiptv.me\/wp-content\/uploads\/2021\/11\/logo.png","contentUrl":"https:\/\/svenskiptv.me\/wp-content\/uploads\/2021\/11\/logo.png","width":236,"height":70,"caption":"Streamy IPTV"},"image":{"@id":"https:\/\/svenskiptv.me\/#\/schema\/logo\/image\/"}}]}},"_links":{"self":[{"href":"https:\/\/svenskiptv.me\/sv\/wp-json\/wp\/v2\/product\/4658","targetHints":{"allow":["GET"]}}],"collection":[{"href":"https:\/\/svenskiptv.me\/sv\/wp-json\/wp\/v2\/product"}],"about":[{"href":"https:\/\/svenskiptv.me\/sv\/wp-json\/wp\/v2\/types\/product"}],"wp:featuredmedia":[{"embeddable":true,"href":"https:\/\/svenskiptv.me\/sv\/wp-json\/wp\/v2\/media\/4653"}],"wp:attachment":[{"href":"https:\/\/svenskiptv.me\/sv\/wp-json\/wp\/v2\/media?parent=4658"}],"wp:term":[{"taxonomy":"product_brand","embeddable":true,"href":"https:\/\/svenskiptv.me\/sv\/wp-json\/wp\/v2\/product_brand?post=4658"},{"taxonomy":"product_cat","embeddable":true,"href":"https:\/\/svenskiptv.me\/sv\/wp-json\/wp\/v2\/product_cat?post=4658"},{"taxonomy":"product_tag","embeddable":true,"href":"https:\/\/svenskiptv.me\/sv\/wp-json\/wp\/v2\/product_tag?post=4658"}],"curies":[{"name":"wp","href":"https:\/\/api.w.org\/{rel}","templated":true}]}}